{"id":21,"date":"2015-09-04T12:47:21","date_gmt":"2015-09-04T12:47:21","guid":{"rendered":"http:\/\/bello-ade.bplaced.net\/?page_id=21"},"modified":"2019-07-23T17:47:32","modified_gmt":"2019-07-23T17:47:32","slug":"positionen","status":"publish","type":"page","link":"https:\/\/bello-ade-in-park-und-see.de\/index.php\/positionen\/","title":{"rendered":"Positionen"},"content":{"rendered":"<div id=\"wrap\">\n<div id=\"main\">\n<div id=\"content\">\n<article id=\"post-326\" class=\"post-326 page type-page status-publish hentry\"><header class=\"page-entry-header\">\n<ul>\n<li><a href=\"http:\/\/bello-ade-in-park-und-see.de\/index.php\/neue-tarife-fuer-bvg-und-s-bahn-unsere-vorschlaege\/\">Neue Tarife f\u00fcr BVG und S-Bahn &#8211; unsere Vorschl\u00e4ge<\/a><\/li>\n<\/ul>\n<p style=\"padding-left: 40px;\">Grundlage unserer \u00dcberlegungen sind Regelungen in anderen St\u00e4dten im In- und Ausland.<\/p>\n<ul>\n<li><a href=\"http:\/\/bello-ade-in-park-und-see.de\/index.php\/hundesteuer\/\">Hundesteuer tats\u00e4chlich erheben! Schreiben an den Hauptausschuss des Berliner Abgeordnetenhauses<\/a><\/li>\n<\/ul>\n<p style=\"padding-left: 60px;\">Die Hundesteuer soll einer \u00fcberm\u00e4\u00dfigen Ausdehnung der Hundehaltungen in der Stadt entgegenwirken. Die Zahl der Hunde steigt, Steuerkontrollen aber finden nicht statt.<\/p>\n<ul>\n<li class=\"entry-title\"><a href=\"http:\/\/bello-ade-in-park-und-see.de\/index.php\/verwaltungsgerichtsurteil-vom-7-dezember-2017-zur-hundemitnahme-an-den-seen\/\">Verwaltungsgerichtsurteil vom 7. Dezember 2017 zur Hundemitnahme an den Seen<\/a><\/li>\n<\/ul>\n<p style=\"padding-left: 60px;\">Aus Gr\u00fcnden des Gesundheitsschutzes pl\u00e4dieren wir daf\u00fcr,\u00a0 dass das Land Berufung einlegt<\/p>\n<ul>\n<li class=\"entry-title\"><a href=\"http:\/\/bello-ade-in-park-und-see.de\/index.php\/stellungnahme-hundegesetz_2\/\">Stellungnahme zum Entwurf des neuen Berliner Hundegesetzes &#8211; in der vom Rechtsausschuss am 18.5. 2016 verabschiedeten Fassung &#8211;<\/a><\/li>\n<\/ul>\n<\/header>\n<p style=\"padding-left: 60px;\">Auch nach den Beratungen im Rechtsausschuss erscheint uns der Entwurf noch inkonsistent und verbesserungsbed\u00fcrftig. Wir dokumentieren unsere Stellungnahme, die wir den Mitgliedern des Abgeordnetenhauses zugeschickt haben.<\/p>\n<header class=\"page-entry-header\">\n<ul>\n<li class=\"entry-title\"><a href=\"http:\/\/bello-ade-in-park-und-see.de\/index.php\/neue-klage-beim-verwaltungsgericht-das-versteht-kein-hund-mehr\/\">Neue Klage beim Verwaltungsgericht: Das versteht kein Hund mehr!<\/a><\/li>\n<\/ul>\n<p style=\"padding-left: 60px;\">Ein Hundehalter klagt darauf, dass er seinen Hund \u2013 angeleint an einer 2 Meter kurzen Leine \u2013 auf den Uferwegen spazieren f\u00fchren darf. Dabei d\u00fcrfte der Hund wenige Meter entfernt ohne Leine laufen.<\/p>\n<ul>\n<li class=\"entry-title\"><a href=\"http:\/\/bello-ade-in-park-und-see.de\/index.php\/mail-an-die-abgeordneten\/\">Bitte das Hundeverbot am Schlachtensee und an der Krummen Lanke beibehalten!<\/a><\/li>\n<\/ul>\n<p style=\"padding-left: 60px;\">Unser offener Brief an die Abgeordneten der BVV, des Landtages und die beteiligten Verwaltungen. Vgl. auch <a href=\"http:\/\/tagesspiegel.de\/berlin\/bezirke\/zehlendorf\/hundeverbot-schlachtensee-gastbeitrag-von-bello-ade-saisonaler-kompromiss-ist-keine-loesung\/12836048.html\">Der Tagesspiegel<\/a>.<\/p>\n<\/header><header class=\"page-entry-header\">\n<ul>\n<li class=\"entry-title\"><a href=\"http:\/\/bello-ade-in-park-und-see.de\/index.php\/verwaltungsgericht-berlin-hunde-duerfen-an-die-seen-ein-wirklichkeitsfremdes-urteil\/\">Verwaltungsgericht Berlin: Hunde d\u00fcrfen an die Seen \u2013 Ein wirklichkeitsfremdes Urteil<\/a><\/li>\n<\/ul>\n<p style=\"padding-left: 60px;\">Das Urteil mag verwaltungsrechtlich korrekt sein, wenn aber Hunde auf den Wegen mitgef\u00fchrt werden d\u00fcrfen, werden sie auch die Badestellen betreten.<\/p>\n<ul>\n<li class=\"entry-title\"><a href=\"http:\/\/bello-ade-in-park-und-see.de\/index.php\/hundegesetz\/\">Unsere Forderungen zur Neufassung des Berliner Hundegesetzes<\/a><\/li>\n<\/ul>\n<p style=\"padding-left: 60px;\">Wir befassen uns mit dem Senatsentwurf vom Juni 2015 und stellen unsere Forderungen vor.<\/p>\n<\/header><\/article>\n<\/div>\n<\/div>\n<\/div>\n\n\n<p><\/p>\n","protected":false},"excerpt":{"rendered":"<p>Neue Tarife f\u00fcr BVG und S-Bahn &#8211; unsere Vorschl\u00e4ge Grundlage unserer \u00dcberlegungen sind Regelungen in anderen St\u00e4dten im In- und Ausland. Hundesteuer tats\u00e4chlich erheben! Schreiben an den Hauptausschuss des Berliner Abgeordnetenhauses Die Hundesteuer soll einer \u00fcberm\u00e4\u00dfigen Ausdehnung der Hundehaltungen in &hellip; <a href=\"https:\/\/bello-ade-in-park-und-see.de\/index.php\/positionen\/\">Weiterlesen <span class=\"meta-nav\">&rarr;<\/span><\/a><\/p>\n","protected":false},"author":3,"featured_media":0,"parent":0,"menu_order":0,"comment_status":"closed","ping_status":"closed","template":"full-width-page.php","meta":{"footnotes":""},"class_list":["post-21","page","type-page","status-publish","hentry"],"_links":{"self":[{"href":"https:\/\/bello-ade-in-park-und-see.de\/index.php\/wp-json\/wp\/v2\/pages\/21","targetHints":{"allow":["GET"]}}],"collection":[{"href":"https:\/\/bello-ade-in-park-und-see.de\/index.php\/wp-json\/wp\/v2\/pages"}],"about":[{"href":"https:\/\/bello-ade-in-park-und-see.de\/index.php\/wp-json\/wp\/v2\/types\/page"}],"author":[{"embeddable":true,"href":"https:\/\/bello-ade-in-park-und-see.de\/index.php\/wp-json\/wp\/v2\/users\/3"}],"replies":[{"embeddable":true,"href":"https:\/\/bello-ade-in-park-und-see.de\/index.php\/wp-json\/wp\/v2\/comments?post=21"}],"version-history":[{"count":23,"href":"https:\/\/bello-ade-in-park-und-see.de\/index.php\/wp-json\/wp\/v2\/pages\/21\/revisions"}],"predecessor-version":[{"id":753,"href":"https:\/\/bello-ade-in-park-und-see.de\/index.php\/wp-json\/wp\/v2\/pages\/21\/revisions\/753"}],"wp:attachment":[{"href":"https:\/\/bello-ade-in-park-und-see.de\/index.php\/wp-json\/wp\/v2\/media?parent=21"}],"curies":[{"name":"wp","href":"https:\/\/api.w.org\/{rel}","templated":true}]}}