{"id":284,"date":"2015-11-22T11:58:52","date_gmt":"2015-11-22T11:58:52","guid":{"rendered":"http:\/\/bello-ade-in-park-und-see.de\/?page_id=284"},"modified":"2015-11-22T17:03:07","modified_gmt":"2015-11-22T17:03:07","slug":"hunde-im-wald","status":"publish","type":"page","link":"https:\/\/bello-ade-in-park-und-see.de\/index.php\/hunde-im-wald\/","title":{"rendered":"Hunde im Wald \u2013 Amerika, Du hast es besser"},"content":{"rendered":"<p style=\"text-align: right;\"><a href=\"http:\/\/bello-ade-in-park-und-see.de\/wp-content\/uploads\/2015\/11\/Hunde-im-Wald_GSMountains1.pdf\">PDF-Version<\/a><\/p>\n<p>Gro\u00dfe Teile des Grunewalds sind Hundeauslaufgebiet, und dort, wo Hunde angeleint werden m\u00fcssen, laufen Sie trotzdem frei herum. Die Berliner Forstverwaltung hat in der Vergangenheit mehrfach versucht, das Hundeauslaufgebiet deutlich zu verkleinern \u2013 und ist jedes Mal an der Lobby der Hundehalter\/innen gescheitert. Wir dokumentieren hier den Umgang mit Hunden in US-amerikanischen Nationalparks. Folgenden Text haben wir auf der Website des <a href=\"http:\/\/www.nps.gov\/grsm\/planyourvisit\/pets.htm\">Great Smoky Mountains National Parks <\/a>gefunden und ins Deutsche \u00fcbersetzt. Besonders interessant erscheint uns die Begr\u00fcndung, warum dort die Mitnahme von Hunden weitestgehend verboten ist.<\/p>\n<p><a href=\"http:\/\/bello-ade-in-park-und-see.de\/wp-content\/uploads\/2015\/11\/DSCF1133_Fluss_Smoky.jpg\"><img loading=\"lazy\" decoding=\"async\" class=\"alignnone wp-image-285 size-large\" src=\"http:\/\/bello-ade-in-park-und-see.de\/wp-content\/uploads\/2015\/11\/DSCF1133_Fluss_Smoky-1024x768.jpg\" alt=\"DSCF1133_Fluss_Smoky\" width=\"620\" height=\"465\" srcset=\"https:\/\/bello-ade-in-park-und-see.de\/wp-content\/uploads\/2015\/11\/DSCF1133_Fluss_Smoky-1024x768.jpg 1024w, https:\/\/bello-ade-in-park-und-see.de\/wp-content\/uploads\/2015\/11\/DSCF1133_Fluss_Smoky-300x225.jpg 300w\" sizes=\"auto, (max-width: 620px) 100vw, 620px\" \/><\/a><br \/>\nHunde sind auf Campingpl\u00e4tzen, Piknickpl\u00e4tzen und entlang von Stra\u00dfen erlaubt; m\u00fcssen aber immer angeleint sein. Die Leine darf nicht l\u00e4nger als 1,83 Meter sein. Nur auf zwei kurzen Spazierwegen sind Hunde zugelassen, dem Gatlingburg-Trail und dem Ocon-River-Trail. Auf s\u00e4mtlichen anderen Wegen sind Hunde verboten. Exkremente m\u00fcssen unverz\u00fcglich vom Hundef\u00fchrer aufgesammelt und in einem der M\u00fclleimer entsorgt werden. Haustiere sollten nicht unbeaufsichtigt in Fahrzeugen oder Wohnwagen zur\u00fcckgelassen werden.<br \/>\nWarum sind Hunde auf den Wegen der Nationalparks verboten?<br \/>\nGro\u00dfe Nationalparks, die weit von Stra\u00dfen und St\u00e4dten entfernt sind, gestatten in der Regel keine Hunde auf Wanderwegen. Dies betrifft Parks wie Yellowstone, Yosemite, Grand Canyon, Glacier, Rocky Mountains und etliche andere. Im Great Smoky Mountains National Park sind Hunde seit seiner Gr\u00fcndung in den 1930er Jahren untersagt. Die Parkverwaltung verbietet Hunde auf Wanderwegen aus mehreren Gr\u00fcnden:<\/p>\n<ul>\n<li>Hunde k\u00f6nnen Krankheiten in den Wildtierbestand hineintragen.<\/li>\n<li>Hunde k\u00f6nnen Wildtiere jagen und gef\u00e4hrden sowie V\u00f6gel und andere Tiere so \u00e4ngstigen, dass diese Nester, Futterpl\u00e4tze und Rastpl\u00e4tze verlassen. Der Geruch, den ein Hund zur\u00fcckl\u00e4sst, kann die Gegenwart eines Raubtieres signalisieren und so das Verhalten des Wildes st\u00f6ren oder ver\u00e4ndern. Kleine Tiere verstecken sich unter Umst\u00e4nden den ganzen Tag in ihren Bauten, ohne sich zur Futtersuche herauszuwagen.<\/li>\n<li>Hunde bellen und st\u00f6ren die Stille der Natur. Ungewohnte Anblicke, Ger\u00e4usche und Ger\u00fcche k\u00f6nnen auch den ruhigsten, freundlichsten und trainiertesten Hund zu unvorhersehbarem Verhalten oder \u00fcberm\u00e4\u00dfigem Bellen veranlassen.<\/li>\n<li>Haustiere k\u00f6nnten zur Beute gr\u00f6\u00dferer Tiere wie Coyoten und B\u00e4ren werden. Hinzu kommt, dass \u2013 wenn ein Hund einen B\u00e4ren st\u00f6rt oder w\u00fctend macht \u2013 der Hund den zornigen B\u00e4ren direkt zu Ihnen f\u00fchrt. Hunde k\u00f6nnen ebenfalls durch bei\u00dfende Insekten, die Krankheiten \u00fcbertragen, gebissen werden und mit Pflanzen in Ber\u00fchrung kommen, die giftig oder voller schmerzhafter Stachel und Kletten sind.<\/li>\n<li>Viele Menschen \u2013 besonders Kinder \u2013 f\u00fcrchten sich vor Hunden, selbst vor kleineren. Unkontrollierte Hunde k\u00f6nnen f\u00fcr andere Besucher eine Gefahr darstellen.<\/li>\n<\/ul>\n<div id=\"attachment_286\" style=\"width: 630px\" class=\"wp-caption alignnone\"><a href=\"http:\/\/bello-ade-in-park-und-see.de\/wp-content\/uploads\/2015\/11\/DSCF1149_Smoky_Wolken_u_gelbe_Blumen.jpg\"><img loading=\"lazy\" decoding=\"async\" aria-describedby=\"caption-attachment-286\" class=\"wp-image-286 size-large\" src=\"http:\/\/bello-ade-in-park-und-see.de\/wp-content\/uploads\/2015\/11\/DSCF1149_Smoky_Wolken_u_gelbe_Blumen-1024x768.jpg\" alt=\"DSCF1149_Smoky_Wolken_u_gelbe_Blumen\" width=\"620\" height=\"465\" srcset=\"https:\/\/bello-ade-in-park-und-see.de\/wp-content\/uploads\/2015\/11\/DSCF1149_Smoky_Wolken_u_gelbe_Blumen-1024x768.jpg 1024w, https:\/\/bello-ade-in-park-und-see.de\/wp-content\/uploads\/2015\/11\/DSCF1149_Smoky_Wolken_u_gelbe_Blumen-300x225.jpg 300w\" sizes=\"auto, (max-width: 620px) 100vw, 620px\" \/><\/a><p id=\"caption-attachment-286\" class=\"wp-caption-text\">Die verrauchten Berge<\/p><\/div>\n<p>Wir danken der Parkverwaltung f\u00fcr die freundliche Abdruckgenehmigung.<\/p>\n","protected":false},"excerpt":{"rendered":"<p>PDF-Version Gro\u00dfe Teile des Grunewalds sind Hundeauslaufgebiet, und dort, wo Hunde angeleint werden m\u00fcssen, laufen Sie trotzdem frei herum. Die Berliner Forstverwaltung hat in der Vergangenheit mehrfach versucht, das Hundeauslaufgebiet deutlich zu verkleinern \u2013 und ist jedes Mal an der &hellip; <a href=\"https:\/\/bello-ade-in-park-und-see.de\/index.php\/hunde-im-wald\/\">Weiterlesen <span class=\"meta-nav\">&rarr;<\/span><\/a><\/p>\n","protected":false},"author":3,"featured_media":0,"parent":0,"menu_order":0,"comment_status":"closed","ping_status":"closed","template":"full-width-page.php","meta":{"footnotes":""},"class_list":["post-284","page","type-page","status-publish","hentry"],"_links":{"self":[{"href":"https:\/\/bello-ade-in-park-und-see.de\/index.php\/wp-json\/wp\/v2\/pages\/284","targetHints":{"allow":["GET"]}}],"collection":[{"href":"https:\/\/bello-ade-in-park-und-see.de\/index.php\/wp-json\/wp\/v2\/pages"}],"about":[{"href":"https:\/\/bello-ade-in-park-und-see.de\/index.php\/wp-json\/wp\/v2\/types\/page"}],"author":[{"embeddable":true,"href":"https:\/\/bello-ade-in-park-und-see.de\/index.php\/wp-json\/wp\/v2\/users\/3"}],"replies":[{"embeddable":true,"href":"https:\/\/bello-ade-in-park-und-see.de\/index.php\/wp-json\/wp\/v2\/comments?post=284"}],"version-history":[{"count":5,"href":"https:\/\/bello-ade-in-park-und-see.de\/index.php\/wp-json\/wp\/v2\/pages\/284\/revisions"}],"predecessor-version":[{"id":311,"href":"https:\/\/bello-ade-in-park-und-see.de\/index.php\/wp-json\/wp\/v2\/pages\/284\/revisions\/311"}],"wp:attachment":[{"href":"https:\/\/bello-ade-in-park-und-see.de\/index.php\/wp-json\/wp\/v2\/media?parent=284"}],"curies":[{"name":"wp","href":"https:\/\/api.w.org\/{rel}","templated":true}]}}