{"id":481,"date":"2016-05-03T20:10:41","date_gmt":"2016-05-03T20:10:41","guid":{"rendered":"http:\/\/bello-ade-in-park-und-see.de\/?page_id=481"},"modified":"2016-05-04T08:13:28","modified_gmt":"2016-05-04T08:13:28","slug":"hundehalter-kommt-in-diese-stadt-den-hundekot-koennt-ihr-getrost-liegenlassen","status":"publish","type":"page","link":"https:\/\/bello-ade-in-park-und-see.de\/index.php\/hundehalter-kommt-in-diese-stadt-den-hundekot-koennt-ihr-getrost-liegenlassen\/","title":{"rendered":"Hundehalter kommt in diese Stadt  &#8211; den Hundekot k\u00f6nnt ihr getrost liegenlassen"},"content":{"rendered":"<p>Auf der Website des Senats \u201eBerlin.de. Das offizielle Hauptstadtportal\u201c fanden wir folgenden Eintrag:<\/p>\n<p>\u201eAuch wenn es in Berlin kaum T\u00fctenautomaten gibt- flotte Hundebesitzer m\u00fcssen nur selten f\u00fcrchten, von einem Beamten des Ordnungsamtes erwischt zu werden. Und die Einwohner der Stadt haben das Umgehen von \u201aTretminen\u2019 l\u00e4ngst verinnerlicht.\u201c<\/p>\n<p><a href=\"http:\/\/bello-ade-in-park-und-see.de\/wp-content\/uploads\/2016\/05\/Hundehalter-kommt-in-diese-Stadt_2.jpg\"><img loading=\"lazy\" decoding=\"async\" class=\"alignleft wp-image-484 size-medium\" src=\"http:\/\/bello-ade-in-park-und-see.de\/wp-content\/uploads\/2016\/05\/Hundehalter-kommt-in-diese-Stadt_2-191x300.jpg\" width=\"191\" height=\"300\" srcset=\"https:\/\/bello-ade-in-park-und-see.de\/wp-content\/uploads\/2016\/05\/Hundehalter-kommt-in-diese-Stadt_2-191x300.jpg 191w, https:\/\/bello-ade-in-park-und-see.de\/wp-content\/uploads\/2016\/05\/Hundehalter-kommt-in-diese-Stadt_2-768x1205.jpg 768w, https:\/\/bello-ade-in-park-und-see.de\/wp-content\/uploads\/2016\/05\/Hundehalter-kommt-in-diese-Stadt_2-652x1024.jpg 652w, https:\/\/bello-ade-in-park-und-see.de\/wp-content\/uploads\/2016\/05\/Hundehalter-kommt-in-diese-Stadt_2.jpg 1194w\" sizes=\"auto, (max-width: 191px) 100vw, 191px\" \/><\/a>Unseres Erachtens ist dies nicht nur ein \u2013 strafbarer \u2013 Aufruf zur Ordnungswidrigkeit (StGB\u00a0\u00a7\u00a0111), sondern ein Zeichen f\u00fcr die \u201eVerhundung\u201c von Politik und Verwaltung: Hundebesitzer\/innen d\u00fcrfen alles, Gesetze wie die Pflicht zur Kotbeseitigung interessieren nicht.<\/p>\n<p>Am Rande eines Gespr\u00e4chs haben wir Ende Januar 2016 zun\u00e4chst die Senatsverwaltung f\u00fcr Justiz darauf aufmerksam gemacht. Als die Seite Mitte April immer noch unver\u00e4ndert im Netz stand, haben wir der Senatskanzlei und der Firma BerlinOnline Stadtportal GmbH &amp; Co. KG, die f\u00fcr die Tourismus-Seiten auf berlin.de verantwortlich zeichnet, eine Abmahnung geschickt. Unsere Mail ging am Freitag den 15.4. um 21:30 Uhr raus; am Montag den 18.4. um 14:00 Uhr war diese Textpassage aus dem Web getilgt. Geht doch \u2026<\/p>\n<p>Wir fragen uns: \u201eGuckt eigentlich niemand hin\u201c, was eine vom Senat beauftragte Firma in \u201eBerlin.de\u201c einstellt? Der Text stand dort mehr als zwei Jahre.<\/p>\n<p>3.5.2016<\/p>\n","protected":false},"excerpt":{"rendered":"<p>Auf der Website des Senats \u201eBerlin.de. Das offizielle Hauptstadtportal\u201c fanden wir folgenden Eintrag: \u201eAuch wenn es in Berlin kaum T\u00fctenautomaten gibt- flotte Hundebesitzer m\u00fcssen nur selten f\u00fcrchten, von einem Beamten des Ordnungsamtes erwischt zu werden. Und die Einwohner der Stadt &hellip; <a href=\"https:\/\/bello-ade-in-park-und-see.de\/index.php\/hundehalter-kommt-in-diese-stadt-den-hundekot-koennt-ihr-getrost-liegenlassen\/\">Weiterlesen <span class=\"meta-nav\">&rarr;<\/span><\/a><\/p>\n","protected":false},"author":3,"featured_media":0,"parent":0,"menu_order":0,"comment_status":"closed","ping_status":"closed","template":"full-width-page.php","meta":{"footnotes":""},"class_list":["post-481","page","type-page","status-publish","hentry"],"_links":{"self":[{"href":"https:\/\/bello-ade-in-park-und-see.de\/index.php\/wp-json\/wp\/v2\/pages\/481","targetHints":{"allow":["GET"]}}],"collection":[{"href":"https:\/\/bello-ade-in-park-und-see.de\/index.php\/wp-json\/wp\/v2\/pages"}],"about":[{"href":"https:\/\/bello-ade-in-park-und-see.de\/index.php\/wp-json\/wp\/v2\/types\/page"}],"author":[{"embeddable":true,"href":"https:\/\/bello-ade-in-park-und-see.de\/index.php\/wp-json\/wp\/v2\/users\/3"}],"replies":[{"embeddable":true,"href":"https:\/\/bello-ade-in-park-und-see.de\/index.php\/wp-json\/wp\/v2\/comments?post=481"}],"version-history":[{"count":13,"href":"https:\/\/bello-ade-in-park-und-see.de\/index.php\/wp-json\/wp\/v2\/pages\/481\/revisions"}],"predecessor-version":[{"id":503,"href":"https:\/\/bello-ade-in-park-und-see.de\/index.php\/wp-json\/wp\/v2\/pages\/481\/revisions\/503"}],"wp:attachment":[{"href":"https:\/\/bello-ade-in-park-und-see.de\/index.php\/wp-json\/wp\/v2\/media?parent=481"}],"curies":[{"name":"wp","href":"https:\/\/api.w.org\/{rel}","templated":true}]}}